{"id":2,"date":"2024-04-15T12:13:01","date_gmt":"2024-04-15T12:13:01","guid":{"rendered":"http:\/\/cosmetics-shop-v4.art-designing.com\/?page_id=2"},"modified":"2024-12-05T11:30:22","modified_gmt":"2024-12-05T11:30:22","slug":"sample-page","status":"publish","type":"page","link":"https:\/\/www.cosmetics-web.com\/nl\/","title":{"rendered":"Cosmetics-shop-v4"},"content":{"rendered":"\n<div class=\"wp-block-cover is-light bloc1\" style=\"min-height:90vh;aspect-ratio:unset;\"><span aria-hidden=\"true\" class=\"wp-block-cover__background has-background-dim-0 has-background-dim\" style=\"background-color:#bdc4cc\"><\/span><img loading=\"lazy\" decoding=\"async\" width=\"1920\" height=\"1200\" class=\"wp-block-cover__image-background wp-image-25216\" alt=\"\" src=\"https:\/\/www.cosmetics-web.com\/wp-content\/uploads\/2024\/12\/Cosmetische-producten.webp\" data-object-fit=\"cover\" srcset=\"https:\/\/www.cosmetics-web.com\/wp-content\/uploads\/2024\/12\/Cosmetische-producten.webp 1920w, https:\/\/www.cosmetics-web.com\/wp-content\/uploads\/2024\/12\/Cosmetische-producten-300x188.webp 300w, https:\/\/www.cosmetics-web.com\/wp-content\/uploads\/2024\/12\/Cosmetische-producten-1024x640.webp 1024w, https:\/\/www.cosmetics-web.com\/wp-content\/uploads\/2024\/12\/Cosmetische-producten-768x480.webp 768w, https:\/\/www.cosmetics-web.com\/wp-content\/uploads\/2024\/12\/Cosmetische-producten-1536x960.webp 1536w\" sizes=\"auto, (max-width: 1920px) 100vw, 1920px\"><div class=\"wp-block-cover__inner-container has-global-padding is-layout-constrained wp-block-cover-is-layout-constrained\">\n<h1 class=\"wp-block-heading has-text-align-center animated zoomIn has-text-color has-link-color wp-elements-13555900d8192bfec5f1b2f0833d683c\" style=\"color:#644439;font-size:90px\">Cosmetische producten<\/h1>\n\n\n\n<p class=\"has-text-align-center animated zoomIn slow has-text-color has-link-color wp-elements-2828fc447cd8ea75e1906fb83f357221\" style=\"color:#644439;font-size:22px;font-style:normal;font-weight:700\">Schoonheid binnen handbereik!<\/p>\n<\/div><\/div>\n\n\n\n<div style=\"height:100px\" aria-hidden=\"true\" class=\"wp-block-spacer\"><\/div>\n\n\n\n<div class=\"wp-block-columns container is-layout-flex wp-container-core-columns-is-layout-95e64144 wp-block-columns-is-layout-flex\">\n<div class=\"wp-block-column is-vertically-aligned-center animated slideInLeft is-layout-flow wp-block-column-is-layout-flow\">\n<figure class=\"wp-block-image size-full\"><img loading=\"lazy\" decoding=\"async\" width=\"600\" height=\"600\" src=\"https:\/\/www.cosmetics-web.com\/wp-content\/uploads\/2024\/12\/De-beautyblender-1.webp\" alt=\"\" class=\"wp-image-25210\" srcset=\"https:\/\/www.cosmetics-web.com\/wp-content\/uploads\/2024\/12\/De-beautyblender-1.webp 600w, https:\/\/www.cosmetics-web.com\/wp-content\/uploads\/2024\/12\/De-beautyblender-1-300x300.webp 300w, https:\/\/www.cosmetics-web.com\/wp-content\/uploads\/2024\/12\/De-beautyblender-1-150x150.webp 150w\" sizes=\"auto, (max-width: 600px) 100vw, 600px\"><\/figure>\n<\/div>\n\n\n\n<div class=\"wp-block-column is-vertically-aligned-center is-layout-flow wp-block-column-is-layout-flow\">\n<h2 class=\"wp-block-heading has-text-color has-link-color wp-elements-0d4e7da5114885f4b48b57ac9db0b9e7\" style=\"color:#333333;font-size:45px\">De beautyblender, je beautybondgenoot voor een vlekkeloze teint<\/h2>\n\n\n\n<div style=\"height:10px\" aria-hidden=\"true\" class=\"wp-block-spacer\"><\/div>\n\n\n\n<p>De beauty blender is een eivormig accessoire van schuim. Hij brengt foundation, concealer en zelfs poeder aan met onge\u00ebvenaarde precisie. De unieke textuur zorgt voor streeploos aanbrengen.<\/p>\n\n\n\n<p>Deze must-have in de make-up wereld geeft je een natuurlijk ogende teint. Met een licht bevochtigde beautyblender bereik je een stralend huideffect, terwijl je imperfecties minimaliseert.<\/p>\n<\/div>\n<\/div>\n\n\n\n<div style=\"height:70px\" aria-hidden=\"true\" class=\"wp-block-spacer\"><\/div>\n\n\n\n<div class=\"wp-block-columns mb-0 is-layout-flex wp-container-core-columns-is-layout-33ba964e wp-block-columns-is-layout-flex\">\n<div class=\"wp-block-column is-vertically-aligned-stretch part-left is-layout-flow wp-block-column-is-layout-flow\" style=\"padding-top:100px;padding-right:90px;padding-bottom:100px;padding-left:220px;flex-basis:50%\">\n<h2 class=\"wp-block-heading has-text-color has-link-color wp-elements-e90907d6288093c72944914560447394\" style=\"color:#333333;font-size:45px\">Sulfaatvrije shampoos: zachtheid en glans gegarandeerd!<\/h2>\n\n\n\n<div style=\"height:10px\" aria-hidden=\"true\" class=\"wp-block-spacer\"><\/div>\n\n\n\n<p>Sulfaatvrije shampoos bevatten geen agressieve stoffen die je hoofdhuid kunnen uitdrogen en irriteren. Door voor dit type product te kiezen, behoud je de natuurlijke vochtbalans van je haar, waardoor het zachter en glanzender wordt.<\/p>\n\n\n\n<p>Deze shampoos versterken de haarvezel en zijn geschikt voor alle haartypes, inclusief de meest gevoelige.<\/p>\n<\/div>\n\n\n\n<div class=\"wp-block-column is-vertically-aligned-stretch is-layout-flow wp-block-column-is-layout-flow\" style=\"flex-basis:50%\">\n<div class=\"wp-block-cover is-light\" style=\"min-height:100%;aspect-ratio:unset;\"><span aria-hidden=\"true\" class=\"wp-block-cover__background has-background-dim-0 has-background-dim\" style=\"background-color:#bec1c7\"><\/span><img loading=\"lazy\" decoding=\"async\" width=\"800\" height=\"533\" class=\"wp-block-cover__image-background wp-image-25206\" alt=\"\" src=\"https:\/\/www.cosmetics-web.com\/wp-content\/uploads\/2024\/12\/Sulfaatvrije-shampoos.webp\" data-object-fit=\"cover\" srcset=\"https:\/\/www.cosmetics-web.com\/wp-content\/uploads\/2024\/12\/Sulfaatvrije-shampoos.webp 800w, https:\/\/www.cosmetics-web.com\/wp-content\/uploads\/2024\/12\/Sulfaatvrije-shampoos-300x200.webp 300w, https:\/\/www.cosmetics-web.com\/wp-content\/uploads\/2024\/12\/Sulfaatvrije-shampoos-768x512.webp 768w\" sizes=\"auto, (max-width: 800px) 100vw, 800px\"><div class=\"wp-block-cover__inner-container has-global-padding is-layout-constrained wp-block-cover-is-layout-constrained\">\n<p class=\"has-text-align-center has-large-font-size\"><\/p>\n<\/div><\/div>\n<\/div>\n<\/div>\n\n\n\n<div class=\"wp-block-columns mb-0 is-layout-flex wp-container-core-columns-is-layout-33ba964e wp-block-columns-is-layout-flex\">\n<div class=\"wp-block-column is-vertically-aligned-stretch is-layout-flow wp-block-column-is-layout-flow\" style=\"flex-basis:50%\">\n<div class=\"wp-block-cover is-light\" style=\"min-height:100%;aspect-ratio:unset;\"><span aria-hidden=\"true\" class=\"wp-block-cover__background has-background-dim-0 has-background-dim\" style=\"background-color:#bdbabe\"><\/span><img loading=\"lazy\" decoding=\"async\" width=\"800\" height=\"533\" class=\"wp-block-cover__image-background wp-image-25204\" alt=\"\" src=\"https:\/\/www.cosmetics-web.com\/wp-content\/uploads\/2024\/12\/Geheimen-voor-duurzame-schoonheid.webp\" data-object-fit=\"cover\" srcset=\"https:\/\/www.cosmetics-web.com\/wp-content\/uploads\/2024\/12\/Geheimen-voor-duurzame-schoonheid.webp 800w, https:\/\/www.cosmetics-web.com\/wp-content\/uploads\/2024\/12\/Geheimen-voor-duurzame-schoonheid-300x200.webp 300w, https:\/\/www.cosmetics-web.com\/wp-content\/uploads\/2024\/12\/Geheimen-voor-duurzame-schoonheid-768x512.webp 768w\" sizes=\"auto, (max-width: 800px) 100vw, 800px\"><div class=\"wp-block-cover__inner-container has-global-padding is-layout-constrained wp-block-cover-is-layout-constrained\">\n<p class=\"has-text-align-center has-large-font-size\"><\/p>\n<\/div><\/div>\n<\/div>\n\n\n\n<div class=\"wp-block-column is-vertically-aligned-stretch part-right has-background is-layout-flow wp-block-column-is-layout-flow\" style=\"background-color:#644439;padding-top:100px;padding-right:220px;padding-bottom:100px;padding-left:90px;flex-basis:50%\">\n<h2 class=\"wp-block-heading has-base-2-color has-text-color has-link-color wp-elements-4e7bf2da3b88fb62fe27c99534c46aa2\" style=\"font-size:45px\">Geheimen voor duurzame schoonheid<\/h2>\n\n\n\n<div style=\"height:10px\" aria-hidden=\"true\" class=\"wp-block-spacer\"><\/div>\n\n\n\n<p class=\"has-text-color has-link-color wp-elements-0a0df13cb47cac4929dc354a97ea0427\" style=\"color:#ffffff80\">Door duurzame praktijken op te nemen in je beautyroutine kun je de impact op het milieu verminderen en tegelijkertijd goed voor jezelf zorgen. Dankzij <a href=\"https:\/\/bnl.clarins.com\/\" target=\"_blank\" rel=\" \">clarins, een merk dat zich inzet voor verantwoorde schoonheid<\/a>, kun je kiezen uit een aantal ethische cosmeticaproducten.<\/p>\n\n\n\n<p class=\"has-text-color has-link-color wp-elements-0b0d2a62e4f85f822f4da6ed24e665dd\" style=\"color:#ffffff80\">Duurzame schoonheid gaat niet alleen over producten; het omvat ook praktijken zoals minimalisme in je make-up.<\/p>\n<\/div>\n<\/div>\n\n\n\n<div class=\"wp-block-columns mb-0 overflow-hidden has-background is-layout-flex wp-container-core-columns-is-layout-74e2db4f wp-block-columns-is-layout-flex\" style=\"background-color:#644439;padding-top:0px;padding-right:0px;padding-bottom:0px;padding-left:0px\">\n<div class=\"wp-block-column is-vertically-aligned-stretch has-base-2-background-color has-background is-layout-flow wp-block-column-is-layout-flow\"><\/div>\n\n\n\n<div class=\"wp-block-column is-vertically-aligned-stretch animated slideInUp is-layout-flow wp-block-column-is-layout-flow\" style=\"padding-top:90px;padding-right:20px;padding-bottom:80px;padding-left:20px\">\n<figure class=\"wp-block-image aligncenter size-full\"><img decoding=\"async\" src=\"https:\/\/www.cosmetics-web.com\/wp-content\/uploads\/2024\/12\/Reinigende-maskers.svg\" alt=\"\" class=\"wp-image-25220\"><\/figure>\n\n\n\n<div style=\"height:10px\" aria-hidden=\"true\" class=\"wp-block-spacer\"><\/div>\n\n\n\n<h3 class=\"wp-block-heading has-text-align-center has-base-2-color has-text-color has-link-color wp-elements-ef88d2698129150c89aaa4f4780231dd\" style=\"font-size:20px\">Reinigende maskers<\/h3>\n\n\n\n<p class=\"has-text-align-center has-text-color has-link-color wp-elements-fd6c7425aa07aa5d13a9fc88481bd3da\" style=\"color:#ffffff80\">Zuiverende maskers helpen onzuiverheden te verwijderen en verwijde pori\u00ebn te vernauwen.<\/p>\n<\/div>\n\n\n\n<div class=\"wp-block-column is-vertically-aligned-stretch animated slideInUp slow is-layout-flow wp-block-column-is-layout-flow\" style=\"padding-top:90px;padding-right:20px;padding-bottom:80px;padding-left:20px\">\n<figure class=\"wp-block-image aligncenter size-full\"><img decoding=\"async\" src=\"https:\/\/www.cosmetics-web.com\/wp-content\/uploads\/2024\/12\/Hydraterende-cremes.svg\" alt=\"\" class=\"wp-image-25222\"><\/figure>\n\n\n\n<div style=\"height:10px\" aria-hidden=\"true\" class=\"wp-block-spacer\"><\/div>\n\n\n\n<h3 class=\"wp-block-heading has-text-align-center has-base-2-color has-text-color has-link-color wp-elements-7750095890d96d52df59b4be497d72e3\" style=\"font-size:20px\">Hydraterende cr\u00e8mes<\/h3>\n\n\n\n<p class=\"has-text-align-center has-text-color has-link-color wp-elements-c0f48c6b0dc4a2bb21fed30376703820\" style=\"color:#ffffff80\">Een goede cr\u00e8me hydrateert je huid en cre\u00ebert een beschermende barri\u00e8re tegen agressieve invloeden van buitenaf.<\/p>\n<\/div>\n\n\n\n<div class=\"wp-block-column is-vertically-aligned-stretch animated slideInUp slower is-layout-flow wp-block-column-is-layout-flow\" style=\"padding-top:90px;padding-right:20px;padding-bottom:80px;padding-left:20px\">\n<figure class=\"wp-block-image aligncenter size-full\"><img decoding=\"async\" src=\"https:\/\/www.cosmetics-web.com\/wp-content\/uploads\/2024\/12\/Serums.svg\" alt=\"\" class=\"wp-image-25223\"><\/figure>\n\n\n\n<div style=\"height:10px\" aria-hidden=\"true\" class=\"wp-block-spacer\"><\/div>\n\n\n\n<h3 class=\"wp-block-heading has-text-align-center has-base-2-color has-text-color has-link-color wp-elements-39a54730ac790f067af412245151bca1\" style=\"font-size:20px\">Serums tegen huidveroudering<\/h3>\n\n\n\n<p class=\"has-text-align-center has-text-color has-link-color wp-elements-d05be99f5b8c1f89c4e3d0a1cf9e8dbb\" style=\"color:#ffffff80\">Regelmatig gebruik van een antiverouderingsserum transformeert je huid en herstelt de stevigheid en glans.<\/p>\n<\/div>\n\n\n\n<div class=\"wp-block-column is-vertically-aligned-stretch is-layout-flow wp-block-column-is-layout-flow\"><\/div>\n<\/div>\n\n\n\n<div class=\"wp-block-group has-global-padding is-layout-constrained wp-block-group-is-layout-constrained\" style=\"padding-top:100px;padding-bottom:100px\">\n<h2 class=\"wp-block-heading has-text-align-center has-text-color has-link-color wp-elements-f37c1bec1d14957fedb17affc9df17c5\" style=\"color:#333333;font-size:45px\">Beauty essentials voor je beautycase<\/h2>\n\n\n\n<div style=\"height:10px\" aria-hidden=\"true\" class=\"wp-block-spacer\"><\/div>\n\n\n\n<p class=\"has-text-align-center parag\" style=\"padding-right:90px;padding-left:90px\">Door elk product in je make-up tasje zorgvuldig uit te kiezen, maak je van elk make-up moment een plezierige sessie. De inhoud van je make-up tasje moet veelzijdige producten bevatten waarmee je er in alle omstandigheden mooi uit blijft zien.\n<\/p>\n\n\n\n<div style=\"height:40px\" aria-hidden=\"true\" class=\"wp-block-spacer\"><\/div>\n\n\n\n<div class=\"wp-block-columns is-layout-flex wp-container-core-columns-is-layout-95e64144 wp-block-columns-is-layout-flex\">\n<div class=\"wp-block-column is-layout-flow wp-block-column-is-layout-flow\">\n<div class=\"wp-block-cover is-light anim-box has-border-color\" style=\"border-color:#e5e5e5;border-width:1px;min-height:350px;aspect-ratio:unset;\"><span aria-hidden=\"true\" class=\"wp-block-cover__background has-base-2-background-color has-background-dim-0 has-background-dim\"><\/span><img loading=\"lazy\" decoding=\"async\" width=\"400\" height=\"400\" class=\"wp-block-cover__image-background wp-image-25199\" alt=\"\" src=\"https:\/\/www.cosmetics-web.com\/wp-content\/uploads\/2024\/12\/Foundation.webp\" data-object-fit=\"cover\" srcset=\"https:\/\/www.cosmetics-web.com\/wp-content\/uploads\/2024\/12\/Foundation.webp 400w, https:\/\/www.cosmetics-web.com\/wp-content\/uploads\/2024\/12\/Foundation-300x300.webp 300w, https:\/\/www.cosmetics-web.com\/wp-content\/uploads\/2024\/12\/Foundation-150x150.webp 150w\" sizes=\"auto, (max-width: 400px) 100vw, 400px\"><div class=\"wp-block-cover__inner-container has-global-padding is-layout-constrained wp-block-cover-is-layout-constrained\">\n<p class=\"has-text-align-center has-large-font-size\"><\/p>\n<\/div><\/div>\n\n\n\n<div style=\"height:20px\" aria-hidden=\"true\" class=\"wp-block-spacer\"><\/div>\n\n\n\n<h3 class=\"wp-block-heading has-text-align-left has-text-color has-link-color wp-elements-0c86392b54f724781303e5337ebc0a21\" style=\"color:#2f3854;font-size:20px\">Foundation<\/h3>\n\n\n\n<p>Een matterende foundation is geschikt voor de vette huid. Gebruik een beautyblender om hem goed aan te brengen.<\/p>\n<\/div>\n\n\n\n<div class=\"wp-block-column is-layout-flow wp-block-column-is-layout-flow\">\n<div class=\"wp-block-cover is-light anim-box has-border-color\" style=\"border-color:#e5e5e5;border-width:1px;min-height:350px;aspect-ratio:unset;\"><span aria-hidden=\"true\" class=\"wp-block-cover__background has-base-2-background-color has-background-dim-0 has-background-dim\"><\/span><img loading=\"lazy\" decoding=\"async\" width=\"400\" height=\"400\" class=\"wp-block-cover__image-background wp-image-25201\" alt=\"\" src=\"https:\/\/www.cosmetics-web.com\/wp-content\/uploads\/2024\/12\/Lipsticks.webp\" data-object-fit=\"cover\" srcset=\"https:\/\/www.cosmetics-web.com\/wp-content\/uploads\/2024\/12\/Lipsticks.webp 400w, https:\/\/www.cosmetics-web.com\/wp-content\/uploads\/2024\/12\/Lipsticks-300x300.webp 300w, https:\/\/www.cosmetics-web.com\/wp-content\/uploads\/2024\/12\/Lipsticks-150x150.webp 150w\" sizes=\"auto, (max-width: 400px) 100vw, 400px\"><div class=\"wp-block-cover__inner-container has-global-padding is-layout-constrained wp-block-cover-is-layout-constrained\">\n<p class=\"has-text-align-center has-large-font-size\"><\/p>\n<\/div><\/div>\n\n\n\n<div style=\"height:20px\" aria-hidden=\"true\" class=\"wp-block-spacer\"><\/div>\n\n\n\n<h3 class=\"wp-block-heading has-text-align-left has-text-color has-link-color wp-elements-0eaa0db4ff747f63173b7150b996ce09\" style=\"color:#2f3854;font-size:20px\">Lipsticks<\/h3>\n\n\n\n<p>Lippenstift is de perfecte finishing touch voor elke outfit en accentueert je lippen.<\/p>\n<\/div>\n\n\n\n<div class=\"wp-block-column is-layout-flow wp-block-column-is-layout-flow\">\n<div class=\"wp-block-cover is-light anim-box has-border-color\" style=\"border-color:#e5e5e5;border-width:1px;min-height:350px;aspect-ratio:unset;\"><span aria-hidden=\"true\" class=\"wp-block-cover__background has-base-2-background-color has-background-dim-0 has-background-dim\"><\/span><img loading=\"lazy\" decoding=\"async\" width=\"400\" height=\"400\" class=\"wp-block-cover__image-background wp-image-25202\" alt=\"\" src=\"https:\/\/www.cosmetics-web.com\/wp-content\/uploads\/2024\/12\/Volume-mascara.webp\" data-object-fit=\"cover\" srcset=\"https:\/\/www.cosmetics-web.com\/wp-content\/uploads\/2024\/12\/Volume-mascara.webp 400w, https:\/\/www.cosmetics-web.com\/wp-content\/uploads\/2024\/12\/Volume-mascara-300x300.webp 300w, https:\/\/www.cosmetics-web.com\/wp-content\/uploads\/2024\/12\/Volume-mascara-150x150.webp 150w\" sizes=\"auto, (max-width: 400px) 100vw, 400px\"><div class=\"wp-block-cover__inner-container has-global-padding is-layout-constrained wp-block-cover-is-layout-constrained\">\n<p class=\"has-text-align-center has-large-font-size\"><\/p>\n<\/div><\/div>\n\n\n\n<div style=\"height:20px\" aria-hidden=\"true\" class=\"wp-block-spacer\"><\/div>\n\n\n\n<h3 class=\"wp-block-heading has-text-align-left has-text-color has-link-color wp-elements-2b9f5b61ac2c63c2d7729cf809de6351\" style=\"color:#2f3854;font-size:20px\">Volume mascara\u2019s<\/h3>\n\n\n\n<p>Gebruik een volume mascara om je wimpers te versterken en een fascinerende look te cre\u00ebren.<\/p>\n<\/div>\n<\/div>\n<\/div>\n\n\n\n<div class=\"wp-block-columns mb-0 overflow-hidden is-layout-flex wp-container-core-columns-is-layout-33ba964e wp-block-columns-is-layout-flex\">\n<div class=\"wp-block-column is-vertically-aligned-stretch is-layout-flow wp-block-column-is-layout-flow\" style=\"flex-basis:50%\">\n<div class=\"wp-block-cover is-light\" style=\"min-height:100%;aspect-ratio:unset;\"><span aria-hidden=\"true\" class=\"wp-block-cover__background has-background-dim-0 has-background-dim\" style=\"background-color:#ecebeb\"><\/span><img loading=\"lazy\" decoding=\"async\" width=\"800\" height=\"1050\" class=\"wp-block-cover__image-background wp-image-25191\" alt=\"Vind je eigen geur\" src=\"https:\/\/www.cosmetics-web.com\/wp-content\/uploads\/2024\/12\/Vind-je-eigen-geur-bg.webp\" data-object-fit=\"cover\" srcset=\"https:\/\/www.cosmetics-web.com\/wp-content\/uploads\/2024\/12\/Vind-je-eigen-geur-bg.webp 800w, https:\/\/www.cosmetics-web.com\/wp-content\/uploads\/2024\/12\/Vind-je-eigen-geur-bg-229x300.webp 229w, https:\/\/www.cosmetics-web.com\/wp-content\/uploads\/2024\/12\/Vind-je-eigen-geur-bg-780x1024.webp 780w, https:\/\/www.cosmetics-web.com\/wp-content\/uploads\/2024\/12\/Vind-je-eigen-geur-bg-768x1008.webp 768w\" sizes=\"auto, (max-width: 800px) 100vw, 800px\"><div class=\"wp-block-cover__inner-container has-global-padding is-layout-constrained wp-block-cover-is-layout-constrained\">\n<p class=\"has-text-align-center has-large-font-size\"><\/p>\n<\/div><\/div>\n<\/div>\n\n\n\n<div class=\"wp-block-column is-vertically-aligned-stretch part-right has-background is-layout-flow wp-block-column-is-layout-flow\" style=\"background-color:#f5dbb6;padding-top:100px;padding-right:220px;padding-bottom:100px;padding-left:90px;flex-basis:50%\">\n<div class=\"wp-block-cover is-light vers2 anim-box animated slideInLeft\" style=\"min-height:310px;aspect-ratio:unset;\"><span aria-hidden=\"true\" class=\"wp-block-cover__background has-black-background-color has-background-dim-0 has-background-dim\"><\/span><img loading=\"lazy\" decoding=\"async\" width=\"640\" height=\"320\" class=\"wp-block-cover__image-background wp-image-25193\" alt=\"Vind je eigen geur\" src=\"https:\/\/www.cosmetics-web.com\/wp-content\/uploads\/2024\/12\/Vind-je-eigen-geur.webp\" data-object-fit=\"cover\" srcset=\"https:\/\/www.cosmetics-web.com\/wp-content\/uploads\/2024\/12\/Vind-je-eigen-geur.webp 640w, https:\/\/www.cosmetics-web.com\/wp-content\/uploads\/2024\/12\/Vind-je-eigen-geur-300x150.webp 300w\" sizes=\"auto, (max-width: 640px) 100vw, 640px\"><div class=\"wp-block-cover__inner-container has-global-padding is-layout-constrained wp-block-cover-is-layout-constrained\">\n<p class=\"has-text-align-center has-large-font-size\"><\/p>\n<\/div><\/div>\n\n\n\n<div style=\"height:40px\" aria-hidden=\"true\" class=\"wp-block-spacer\"><\/div>\n\n\n\n<h2 class=\"wp-block-heading has-text-color has-link-color wp-elements-dc7b4c74e0fa3120738bb42c5743442d\" style=\"color:#333333;font-size:45px\">Vind je eigen geur<\/h2>\n\n\n\n<div style=\"height:10px\" aria-hidden=\"true\" class=\"wp-block-spacer\"><\/div>\n\n\n\n<p class=\"has-text-color has-link-color wp-elements-ee0884e87c3bdba763d903c54d27895b\" style=\"color:#2f385480\">Een goed gekozen geur kan herinneringen oproepen, emoties losmaken en een blijvende indruk achterlaten. Om die van jou te vinden, begin je met het verkennen van verschillende geurfamilies. Test producten op je huid om te zien hoe ze na verloop van tijd werken.<\/p>\n\n\n\n<p class=\"has-text-color has-link-color wp-elements-ae2f2aec7e40e9c1b94201e5b1077707\" style=\"color:#2f385480\">Het vinden van je eigen geur is een zoektocht die weerspiegelt wie je bent. Elke geur reageert anders afhankelijk van de pH-waarde van je huid.<\/p>\n<\/div>\n<\/div>\n\n\n\n<div class=\"wp-block-group last-bloc overflow-hidden has-global-padding is-layout-constrained wp-block-group-is-layout-constrained\" style=\"padding-top:100px;padding-bottom:350px\">\n<h2 class=\"wp-block-heading has-text-align-center animated slideInUp slow has-text-color has-link-color wp-elements-58b4d22455ff3bae3c4c9f1d7bb812ee\" style=\"color:#333333;font-size:45px\">Farm to Face, biologische cosmetica rechtstreeks <br>van het veld!<\/h2>\n\n\n\n<div style=\"height:10px\" aria-hidden=\"true\" class=\"wp-block-spacer\"><\/div>\n\n\n\n<p class=\"has-text-align-center parag animated slideInUp slower\" style=\"padding-right:90px;padding-left:90px\">Het \u201cFarm to Face\u201d-concept brengt een revolutie teweeg in de cosmetica-industrie door zich te richten op biologische en lokale ingredi\u00ebnten, rechtstreeks van het veld. Deze producten, samengesteld met duurzaam geteelde planten, garanderen een maximale zuiverheid en doeltreffendheid.<\/p>\n<\/div>\n","protected":false},"excerpt":{"rendered":"<p>De beautyblender, je beautybondgenoot voor een vlekkeloze teint De beauty blender is een eivormig accessoire van schuim. Hij brengt foundation, concealer en zelfs poeder aan met onge\u00ebvenaarde precisie. De unieke textuur zorgt voor streeploos aanbrengen. Deze must-have in de make-up&#8230;<\/p>\n","protected":false},"author":2,"featured_media":0,"parent":0,"menu_order":0,"comment_status":"closed","ping_status":"open","template":"","meta":{"footnotes":""},"class_list":["post-2","page","type-page","status-publish","hentry"],"_links":{"self":[{"href":"https:\/\/www.cosmetics-web.com\/nl\/wp-json\/wp\/v2\/pages\/2","targetHints":{"allow":["GET"]}}],"collection":[{"href":"https:\/\/www.cosmetics-web.com\/nl\/wp-json\/wp\/v2\/pages"}],"about":[{"href":"https:\/\/www.cosmetics-web.com\/nl\/wp-json\/wp\/v2\/types\/page"}],"author":[{"embeddable":true,"href":"https:\/\/www.cosmetics-web.com\/nl\/wp-json\/wp\/v2\/users\/2"}],"replies":[{"embeddable":true,"href":"https:\/\/www.cosmetics-web.com\/nl\/wp-json\/wp\/v2\/comments?post=2"}],"version-history":[{"count":16,"href":"https:\/\/www.cosmetics-web.com\/nl\/wp-json\/wp\/v2\/pages\/2\/revisions"}],"predecessor-version":[{"id":25224,"href":"https:\/\/www.cosmetics-web.com\/nl\/wp-json\/wp\/v2\/pages\/2\/revisions\/25224"}],"wp:attachment":[{"href":"https:\/\/www.cosmetics-web.com\/nl\/wp-json\/wp\/v2\/media?parent=2"}],"curies":[{"name":"wp","href":"https:\/\/api.w.org\/{rel}","templated":true}]}}